{"id":113,"date":"2018-11-20T08:13:39","date_gmt":"2018-11-20T08:13:39","guid":{"rendered":"http:\/\/latrainera.es\/?page_id=113"},"modified":"2019-01-25T07:49:39","modified_gmt":"2019-01-25T07:49:39","slug":"aviso-legal","status":"publish","type":"page","link":"https:\/\/losremos.es\/reservas\/aviso-legal\/","title":{"rendered":"Aviso Legal"},"content":{"rendered":"<p>[et_pb_section bb_built=\u00bb1&#8243;][et_pb_row][et_pb_column type=\u00bb4_4&#8243;][et_pb_text _builder_version=\u00bb3.17.6&#8243;]<\/p>\n<p>Datos identificativos<\/p>\n<p>De acuerdo con el art\u00edculo 10 de la Ley 34\/2002, de 11 de julio, de Servicios de la Sociedad de la Informaci\u00f3n y de Comercio se informa al usuario que la web es titularidad de Dirk Productions S.L. con CIF B95349767, durante la vigencia del contrato suscrito con el ANUNCIANTE Restrain S.A., Calle de Lagasca 60, 28001, Madrid, el cual es responsable \u00fanico y exclusivo en relaci\u00f3n a la veracidad de la informaci\u00f3n contenida en el anuncio en cuanto a los textos, fotograf\u00edas, logotipos, cupones, productos, servicios e im\u00e1genes visualizadas.<\/p>\n<p>Usuarios<\/p>\n<p>El acceso y\/o uso de esta web atribuye la condici\u00f3n de USUARIO, que acepta las condiciones de acceso y uso del presente sitio web, las cuales se rigen por la legalidad vigente y por el principio de buena fe.<\/p>\n<p>Uso del portal<\/p>\n<p>El USUARIO asume la responsabilidad del uso del portal, comprometi\u00e9ndose a realizar un buen uso de la web y aportar informaci\u00f3n veraz y l\u00edcita, no permiti\u00e9ndose conductas que vayan contra la ley, los derechos o intereses de terceros.<\/p>\n<p>Protecci\u00f3n de datos<\/p>\n<p>En cumplimiento de lo dispuesto en la Ley Org\u00e1nica 15\/1999, de 13 de Diciembre, de Protecci\u00f3n de Datos de Car\u00e1cter Personal (LOPD) se informa al USUARIO que todos los datos que proporcione ser\u00e1n incorporados a un fichero, creado y mantenido bajo la responsabilidad de Restrain S.A. cuya finalidad es la gesti\u00f3n y administraci\u00f3n de los usuarios, as\u00ed como el env\u00edo y comunicaci\u00f3n de promociones y ofertas por parte de Restrain S.A. quien como responsable del tratamiento de los datos, se compromete, a respetar su confidencialidad y a utilizarlos de acuerdo con su finalidad.<\/p>\n<p>Propiedad intelectual e industrial<\/p>\n<p>Copyright dise\u00f1o y creaci\u00f3n Dirk Productions S.L., no siendo responsable, en ning\u00fan caso, de la recogida de datos de car\u00e1cter personal ni encargado del tratamiento de los mismos, ni as\u00ed como de las opiniones vertidas por los usuarios a trav\u00e9s de foros, chats u otras herramientas de participaci\u00f3n. En virtud de lo dispuesto en los art\u00edculos 8 y 32.1, p\u00e1rrafo segundo, de la Ley de Propiedad Intelectual, quedan expresamente prohibidas la reproducci\u00f3n, distribuci\u00f3n y comunicaci\u00f3n p\u00fablica de la totalidad o parte de los contenidos de esta web, con fines comerciales, en cualquier soporte y por cualquier medio t\u00e9cnico sin previa autorizaci\u00f3n, comprometi\u00e9ndose el USUARIO en respetar los derechos de Propiedad Intelectual e Industrial.<\/p>\n<p>Exclusi\u00f3n de garant\u00edas y responsabilidad<\/p>\n<p>Tanto Dirk Productions S.L. como Restrain S.A. no se hacen responsables en ning\u00fan caso, de los da\u00f1os y perjuicios de cualquier naturaleza que pudiera ocasionar el funcionamiento de la web y\/o sus servicios ni garantizan la utilidad de la web, ni que el usuario pueda utilizar en todo momento la web o los servicios que se ofrezcan.<\/p>\n<p>Dirk Productions S.L. y Restrain S.A. no pueden garantizar la fiabilidad, veracidad, exhaustividad y actualidad de los contenidos y, por tanto queda excluido cualquier tipo de responsabilidad que pudiera derivarse por los da\u00f1os causados, directa o indirectamente, por la informaci\u00f3n a la que se acceda por medio de la web.<\/p>\n<p>No obstante, tanto Dirk Productions S.L. como Restrain S.A. declaran que han adoptado todas las medidas necesarias, dentro de sus posibilidades y del estado de la tecnolog\u00eda, para garantizar el funcionamiento de la web y evitar la existencia y transmisi\u00f3n de virus y dem\u00e1s componentes da\u00f1inos a los Usuarios.<\/p>\n<p>Modificaciones<\/p>\n<p>Dirk Productions S.L. y Restrain S.A. se reservan el derecho a modificar unilateralmente la web y los servicios en ella ofrecidos, incluyendo la modificaci\u00f3n de las condiciones de uso en cualquier momento sin asumir alguna responsabilidad por ello, por lo que se recomienda al USUARIO que lea este Aviso Legal tantas veces como acceda a la web.<\/p>\n<p>Enlaces<\/p>\n<p>En el caso de que en este sitio web se dispusiesen enlaces o hiperv\u00ednculos hac\u00eda otros sitios de Internet, Dirk Productions S.L. no ejercer\u00e1 ning\u00fan tipo de control sobre dichos sitios y contenidos, no asumiendo en ning\u00fan caso responsabilidad alguna por los contenidos de alg\u00fan enlace perteneciente a un sitio web ajeno.<\/p>\n<p>Legislaci\u00f3n aplicable y jurisdicci\u00f3n<\/p>\n<p>La relaci\u00f3n con el USUARIO se regir\u00e1 por la normativa espa\u00f1ola vigente y cualquier controversia se someter\u00e1 a los Juzgado y tribunales de la ciudad de Madrid salvo que la legislaci\u00f3n aplicable determine de forma imperativa otro fuero o legislaci\u00f3n distinta.<\/p>\n<p>[\/et_pb_text][\/et_pb_column][\/et_pb_row][\/et_pb_section]<\/p>\n","protected":false},"excerpt":{"rendered":"<p><div class=\"et_pb_row et_pb_row_0 et_pb_row_empty\">\n\t\t\t\t\n\t\t\t\t\n\t\t\t\t\n\t\t\t\t\n\t\t\t\t\n\t\t\t<\/div> Datos identificativosDe acuerdo con el art\u00edculo 10 de la Ley 34\/2002, de 11 de julio, de Servicios de la Sociedad de la Informaci\u00f3n y de Comercio se informa al usuario que la web es titularidad de Dirk Productions S.L. con CIF B95349767, durante la vigencia del contrato suscrito con el ANUNCIANTE Restrain S.A., Calle [&hellip;]<\/p>\n","protected":false},"author":1,"featured_media":0,"parent":0,"menu_order":0,"comment_status":"closed","ping_status":"closed","template":"","meta":{"_et_pb_use_builder":"on","_et_pb_old_content":"<p>Datos identificativos<\/p><p>De acuerdo con el art\u00edculo 10 de la Ley 34\/2002, de 11 de julio, de Servicios de la Sociedad de la Informaci\u00f3n y de Comercio se informa al usuario que la web es titularidad de Dirk Productions S.L. con CIF B95349767, durante la vigencia del contrato suscrito con el ANUNCIANTE Restrain S.A., Calle de Lagasca 60, 28001, Madrid, el cual es responsable \u00fanico y exclusivo en relaci\u00f3n a la veracidad de la informaci\u00f3n contenida en el anuncio en cuanto a los textos, fotograf\u00edas, logotipos, cupones, productos, servicios e im\u00e1genes visualizadas.<\/p><p>Usuarios<\/p><p>El acceso y\/o uso de esta web atribuye la condici\u00f3n de USUARIO, que acepta las condiciones de acceso y uso del presente sitio web, las cuales se rigen por la legalidad vigente y por el principio de buena fe.<\/p><p>Uso del portal<\/p><p>El USUARIO asume la responsabilidad del uso del portal, comprometi\u00e9ndose a realizar un buen uso de la web y aportar informaci\u00f3n veraz y l\u00edcita, no permiti\u00e9ndose conductas que vayan contra la ley, los derechos o intereses de terceros.<\/p><p>Protecci\u00f3n de datos<\/p><p>En cumplimiento de lo dispuesto en la Ley Org\u00e1nica 15\/1999, de 13 de Diciembre, de Protecci\u00f3n de Datos de Car\u00e1cter Personal (LOPD) se informa al USUARIO que todos los datos que proporcione ser\u00e1n incorporados a un fichero, creado y mantenido bajo la responsabilidad de Restrain S.A. cuya finalidad es la gesti\u00f3n y administraci\u00f3n de los usuarios, as\u00ed como el env\u00edo y comunicaci\u00f3n de promociones y ofertas por parte de Restrain S.A. quien como responsable del tratamiento de los datos, se compromete, a respetar su confidencialidad y a utilizarlos de acuerdo con su finalidad.<\/p><p>Propiedad intelectual e industrial<\/p><p>Copyright dise\u00f1o y creaci\u00f3n Dirk Productions S.L., no siendo responsable, en ning\u00fan caso, de la recogida de datos de car\u00e1cter personal ni encargado del tratamiento de los mismos, ni as\u00ed como de las opiniones vertidas por los usuarios a trav\u00e9s de foros, chats u otras herramientas de participaci\u00f3n. En virtud de lo dispuesto en los art\u00edculos 8 y 32.1, p\u00e1rrafo segundo, de la Ley de Propiedad Intelectual, quedan expresamente prohibidas la reproducci\u00f3n, distribuci\u00f3n y comunicaci\u00f3n p\u00fablica de la totalidad o parte de los contenidos de esta web, con fines comerciales, en cualquier soporte y por cualquier medio t\u00e9cnico sin previa autorizaci\u00f3n, comprometi\u00e9ndose el USUARIO en respetar los derechos de Propiedad Intelectual e Industrial.<\/p><p>Exclusi\u00f3n de garant\u00edas y responsabilidad<\/p><p>Tanto Dirk Productions S.L. como Restrain S.A. no se hacen responsables en ning\u00fan caso, de los da\u00f1os y perjuicios de cualquier naturaleza que pudiera ocasionar el funcionamiento de la web y\/o sus servicios ni garantizan la utilidad de la web, ni que el usuario pueda utilizar en todo momento la web o los servicios que se ofrezcan.<\/p><p>Dirk Productions S.L. y Restrain S.A. no pueden garantizar la fiabilidad, veracidad, exhaustividad y actualidad de los contenidos y, por tanto queda excluido cualquier tipo de responsabilidad que pudiera derivarse por los da\u00f1os causados, directa o indirectamente, por la informaci\u00f3n a la que se acceda por medio de la web.<\/p><p>No obstante, tanto Dirk Productions S.L. como Restrain S.A. declaran que han adoptado todas las medidas necesarias, dentro de sus posibilidades y del estado de la tecnolog\u00eda, para garantizar el funcionamiento de la web y evitar la existencia y transmisi\u00f3n de virus y dem\u00e1s componentes da\u00f1inos a los Usuarios.<\/p><p>Modificaciones<\/p><p>Dirk Productions S.L. y Restrain S.A. se reservan el derecho a modificar unilateralmente la web y los servicios en ella ofrecidos, incluyendo la modificaci\u00f3n de las condiciones de uso en cualquier momento sin asumir alguna responsabilidad por ello, por lo que se recomienda al USUARIO que lea este Aviso Legal tantas veces como acceda a la web.<\/p><p>Enlaces<\/p><p>En el caso de que en este sitio web se dispusiesen enlaces o hiperv\u00ednculos hac\u00eda otros sitios de Internet, Dirk Productions S.L. no ejercer\u00e1 ning\u00fan tipo de control sobre dichos sitios y contenidos, no asumiendo en ning\u00fan caso responsabilidad alguna por los contenidos de alg\u00fan enlace perteneciente a un sitio web ajeno.<\/p><p>Legislaci\u00f3n aplicable y jurisdicci\u00f3n<\/p><p>La relaci\u00f3n con el USUARIO se regir\u00e1 por la normativa espa\u00f1ola vigente y cualquier controversia se someter\u00e1 a los Juzgado y tribunales de la ciudad de Madrid salvo que la legislaci\u00f3n aplicable determine de forma imperativa otro fuero o legislaci\u00f3n distinta.<\/p>","_et_gb_content_width":""},"_links":{"self":[{"href":"https:\/\/losremos.es\/reservas\/wp-json\/wp\/v2\/pages\/113"}],"collection":[{"href":"https:\/\/losremos.es\/reservas\/wp-json\/wp\/v2\/pages"}],"about":[{"href":"https:\/\/losremos.es\/reservas\/wp-json\/wp\/v2\/types\/page"}],"author":[{"embeddable":true,"href":"https:\/\/losremos.es\/reservas\/wp-json\/wp\/v2\/users\/1"}],"replies":[{"embeddable":true,"href":"https:\/\/losremos.es\/reservas\/wp-json\/wp\/v2\/comments?post=113"}],"version-history":[{"count":2,"href":"https:\/\/losremos.es\/reservas\/wp-json\/wp\/v2\/pages\/113\/revisions"}],"predecessor-version":[{"id":426,"href":"https:\/\/losremos.es\/reservas\/wp-json\/wp\/v2\/pages\/113\/revisions\/426"}],"wp:attachment":[{"href":"https:\/\/losremos.es\/reservas\/wp-json\/wp\/v2\/media?parent=113"}],"curies":[{"name":"wp","href":"https:\/\/api.w.org\/{rel}","templated":true}]}}